{"id":103,"date":"2018-07-31T09:04:20","date_gmt":"2018-07-31T08:04:20","guid":{"rendered":"http:\/\/agkj.de\/international\/?page_id=103"},"modified":"2023-10-12T11:19:10","modified_gmt":"2023-10-12T10:19:10","slug":"aktuelles","status":"publish","type":"page","link":"http:\/\/agkj.de\/international\/aktuelles\/","title":{"rendered":"Aktuelles"},"content":{"rendered":"<p>Das EU-Camp 2023 fand vom 20.8. bis zum 28.8.2023 auf Gozo statt.<\/p>\n<ul>\n<li>Das Nachbereitungstreffen wird gerade vorbereitet.<\/li>\n<li>Das Vorbereitungstreffen f\u00fcr die n\u00e4chste Jugendbegegnung findet Anfang n\u00e4chsten Jahres statt.<\/li>\n<li>Interessenten k\u00f6nnen sich bei den einzelnen Jugendreferaten melden.<\/li>\n<\/ul>\n\n\n<p class=\"has-x-large-font-size\"><strong>Informatives<\/strong><\/p>\n\n\n\n<figure class=\"wp-block-embed is-type-video is-provider-youtube wp-block-embed-youtube wp-embed-aspect-16-9 wp-has-aspect-ratio\"><div class=\"wp-block-embed__wrapper\">\n<div class=\"responsive-video\"><iframe loading=\"lazy\" title=\"TOP 10 Things to do in GOZO, Malta | Travel Guide (2022)\" width=\"755\" height=\"425\" src=\"https:\/\/www.youtube.com\/embed\/CAaoe1q2GZ0?feature=oembed\" frameborder=\"0\" allow=\"accelerometer; autoplay; clipboard-write; encrypted-media; gyroscope; picture-in-picture; web-share\" allowfullscreen><\/iframe><\/div>\n<\/div><figcaption class=\"wp-element-caption\">Was wir auf Gozo machen k\u00f6nnen.<\/figcaption><\/figure>\n\n\n\n<figure class=\"wp-block-embed is-type-video is-provider-youtube wp-block-embed-youtube wp-embed-aspect-16-9 wp-has-aspect-ratio\"><div class=\"wp-block-embed__wrapper\">\n<div class=\"responsive-video\"><iframe loading=\"lazy\" title=\"Mythos Belagerung: Malta - Die Niederlage des Osmanischen Reiches (4\/4) Doku (2023)\" width=\"755\" height=\"425\" src=\"https:\/\/www.youtube.com\/embed\/M31U97Enf5I?feature=oembed\" frameborder=\"0\" allow=\"accelerometer; autoplay; clipboard-write; encrypted-media; gyroscope; picture-in-picture; web-share\" allowfullscreen><\/iframe><\/div>\n<\/div><figcaption class=\"wp-element-caption\">Geschichtliche Infos Malta\/Gozo<\/figcaption><\/figure>\n","protected":false},"excerpt":{"rendered":"<p>Das EU-Camp 2023 fand vom 20.8. bis zum 28.8.2023 auf Gozo statt. Das Nachbereitungstreffen wird gerade vorbereitet. Das Vorbereitungstreffen f\u00fcr die n\u00e4chste Jugendbegegnung findet Anfang n\u00e4chsten Jahres statt. Interessenten k\u00f6nnen sich bei den einzelnen Jugendreferaten melden. Informatives<\/p>\n","protected":false},"author":1,"featured_media":0,"parent":0,"menu_order":0,"comment_status":"closed","ping_status":"closed","template":"","meta":[],"_links":{"self":[{"href":"http:\/\/agkj.de\/international\/wp-json\/wp\/v2\/pages\/103"}],"collection":[{"href":"http:\/\/agkj.de\/international\/wp-json\/wp\/v2\/pages"}],"about":[{"href":"http:\/\/agkj.de\/international\/wp-json\/wp\/v2\/types\/page"}],"author":[{"embeddable":true,"href":"http:\/\/agkj.de\/international\/wp-json\/wp\/v2\/users\/1"}],"replies":[{"embeddable":true,"href":"http:\/\/agkj.de\/international\/wp-json\/wp\/v2\/comments?post=103"}],"version-history":[{"count":10,"href":"http:\/\/agkj.de\/international\/wp-json\/wp\/v2\/pages\/103\/revisions"}],"predecessor-version":[{"id":193,"href":"http:\/\/agkj.de\/international\/wp-json\/wp\/v2\/pages\/103\/revisions\/193"}],"wp:attachment":[{"href":"http:\/\/agkj.de\/international\/wp-json\/wp\/v2\/media?parent=103"}],"curies":[{"name":"wp","href":"https:\/\/api.w.org\/{rel}","templated":true}]}}