{"id":430,"date":"2015-09-14T14:12:33","date_gmt":"2015-09-14T12:12:33","guid":{"rendered":"http:\/\/agkj.de\/?page_id=430"},"modified":"2023-01-24T10:30:41","modified_gmt":"2023-01-24T08:30:41","slug":"outtakes-junge-filmemacher-im-museum","status":"publish","type":"page","link":"http:\/\/agkj.de\/?page_id=430","title":{"rendered":"Medienkompetenzteam"},"content":{"rendered":"<p><a href=\"http:\/\/agkj.de\/wp-content\/uploads\/2016\/08\/195.jpg\" rel=\"attachment wp-att-641\"><img loading=\"lazy\" decoding=\"async\" class=\"alignleft size-medium wp-image-641\" src=\"http:\/\/agkj.de\/wp-content\/uploads\/2016\/08\/195-300x200.jpg\" alt=\"195\" width=\"300\" height=\"200\" srcset=\"http:\/\/agkj.de\/wp-content\/uploads\/2016\/08\/195-300x200.jpg 300w, http:\/\/agkj.de\/wp-content\/uploads\/2016\/08\/195-768x512.jpg 768w, http:\/\/agkj.de\/wp-content\/uploads\/2016\/08\/195-1024x683.jpg 1024w, http:\/\/agkj.de\/wp-content\/uploads\/2016\/08\/195-400x267.jpg 400w\" sizes=\"auto, (max-width: 300px) 100vw, 300px\" \/><\/a>Medienp\u00e4dagogische Projekte gibt es bei uns in der Jugendarbeit immer wieder (siehe auch &#8222;OUTtakes&#8220;) und sie finden gro\u00dfen Anklang. Hier im Kreis gibt es viele Jugendliche, die Spa\u00df am Fotografieren, am Filmen und am Schreiben von Artikeln haben. Wir m\u00f6chten allen medienbegeisterten Jugendlichen eine Plattform bieten und haben deshalb das <em>Medienkompetenzteam<\/em> ins Leben gerufen. Zur Zeit suchen wir aktive sozial-media-affine Jugendliche, die uns bei einer Digitalisierungsstrategie von p\u00e4dagogischen Inhalten behilflich sein k\u00f6nnen. Bitte meldet Euch bei Euren <a href=\"http:\/\/agkj.de\/?page_id=19\">Jugendreferaten<\/a>.<\/p>\n","protected":false},"excerpt":{"rendered":"<p>Medienp\u00e4dagogische Projekte gibt es bei uns in der Jugendarbeit immer wieder (siehe auch &#8222;OUTtakes&#8220;) und sie finden gro\u00dfen Anklang. Hier im Kreis gibt es viele Jugendliche, die Spa\u00df am Fotografieren, [&hellip;]<\/p>\n","protected":false},"author":1,"featured_media":0,"parent":0,"menu_order":0,"comment_status":"closed","ping_status":"closed","template":"","meta":{"footnotes":""},"class_list":["post-430","page","type-page","status-publish","hentry"],"_links":{"self":[{"href":"http:\/\/agkj.de\/index.php?rest_route=\/wp\/v2\/pages\/430","targetHints":{"allow":["GET"]}}],"collection":[{"href":"http:\/\/agkj.de\/index.php?rest_route=\/wp\/v2\/pages"}],"about":[{"href":"http:\/\/agkj.de\/index.php?rest_route=\/wp\/v2\/types\/page"}],"author":[{"embeddable":true,"href":"http:\/\/agkj.de\/index.php?rest_route=\/wp\/v2\/users\/1"}],"replies":[{"embeddable":true,"href":"http:\/\/agkj.de\/index.php?rest_route=%2Fwp%2Fv2%2Fcomments&post=430"}],"version-history":[{"count":14,"href":"http:\/\/agkj.de\/index.php?rest_route=\/wp\/v2\/pages\/430\/revisions"}],"predecessor-version":[{"id":846,"href":"http:\/\/agkj.de\/index.php?rest_route=\/wp\/v2\/pages\/430\/revisions\/846"}],"wp:attachment":[{"href":"http:\/\/agkj.de\/index.php?rest_route=%2Fwp%2Fv2%2Fmedia&parent=430"}],"curies":[{"name":"wp","href":"https:\/\/api.w.org\/{rel}","templated":true}]}}