{"id":2,"date":"2013-05-22T17:02:11","date_gmt":"2013-05-22T15:02:11","guid":{"rendered":"http:\/\/agkj.de.w01064a4.kasserver.com\/?page_id=2"},"modified":"2025-04-08T15:28:20","modified_gmt":"2025-04-08T13:28:20","slug":"beispiel-seite","status":"publish","type":"page","link":"http:\/\/agkj.de\/","title":{"rendered":"Herzlich willkommen"},"content":{"rendered":"<p><strong>auf unserer Seite!<\/strong><\/p>\n<p>AGKJ e.V. ist der Zusammenschluss der Jugendreferate im Landkreis Tuttlingen.<\/p>\n<p>Die Ziele des Vereins sind die F\u00f6rderung der kommunalen Jugendarbeit sowie die Planung und Durchf\u00fchrung gemeinsamer Projekte und Aktionen zu verschiedenen Themenfeldern.<\/p>\n<p>Auf dieser Homepage m\u00f6chte wir insbesondere \u00fcber unsere gro\u00dfen und kreisweiten Projekte informieren.<\/p>\n<p>Zur Zeit planen wir gemeinsam mit Jugendlichen ein Projekt zum Thema &#8222;digitale Lebenswelten junger Menschen&#8220;. Das Projekt wird hier detaillierter dargestellt und aktualisiert: <a href=\"http:\/\/agkj.de\/?page_id=907\">Projekt DLJM<\/a>\u00a0<\/p>\n<p>Die Seite zu unserem letzten EU-Projekt mit Ungarn und Malta befindet sich <a href=\"http:\/\/agkj.de\/international\">HIER.<\/a><\/p>\n<p>F\u00fcr Fragen, Anregungen, aber auch als Kooperationspartner stehen wir gerne zur Verf\u00fcgung. Alle Kontaktdaten &#8211; auch der einzelnen Jugendreferate &#8211; finden Sie unter dem Men\u00fcpunkt <em>Kontaktadressen<\/em>.<\/p>\n<p>Der Verein ist als gemeinn\u00fctzig anerkannt.<\/p>\n\n\n<p><\/p>\n","protected":false},"excerpt":{"rendered":"<p>auf unserer Seite! AGKJ e.V. ist der Zusammenschluss der Jugendreferate im Landkreis Tuttlingen. Die Ziele des Vereins sind die F\u00f6rderung der kommunalen Jugendarbeit sowie die Planung und Durchf\u00fchrung gemeinsamer Projekte [&hellip;]<\/p>\n","protected":false},"author":1,"featured_media":0,"parent":0,"menu_order":0,"comment_status":"closed","ping_status":"closed","template":"","meta":{"footnotes":""},"class_list":["post-2","page","type-page","status-publish","hentry"],"_links":{"self":[{"href":"http:\/\/agkj.de\/index.php?rest_route=\/wp\/v2\/pages\/2","targetHints":{"allow":["GET"]}}],"collection":[{"href":"http:\/\/agkj.de\/index.php?rest_route=\/wp\/v2\/pages"}],"about":[{"href":"http:\/\/agkj.de\/index.php?rest_route=\/wp\/v2\/types\/page"}],"author":[{"embeddable":true,"href":"http:\/\/agkj.de\/index.php?rest_route=\/wp\/v2\/users\/1"}],"replies":[{"embeddable":true,"href":"http:\/\/agkj.de\/index.php?rest_route=%2Fwp%2Fv2%2Fcomments&post=2"}],"version-history":[{"count":66,"href":"http:\/\/agkj.de\/index.php?rest_route=\/wp\/v2\/pages\/2\/revisions"}],"predecessor-version":[{"id":910,"href":"http:\/\/agkj.de\/index.php?rest_route=\/wp\/v2\/pages\/2\/revisions\/910"}],"wp:attachment":[{"href":"http:\/\/agkj.de\/index.php?rest_route=%2Fwp%2Fv2%2Fmedia&parent=2"}],"curies":[{"name":"wp","href":"https:\/\/api.w.org\/{rel}","templated":true}]}}